{"id":3639,"date":"2016-09-27T07:51:22","date_gmt":"2016-09-27T07:51:22","guid":{"rendered":"https:\/\/www.new-vision.net\/iletisim\/"},"modified":"2021-06-09T12:36:23","modified_gmt":"2021-06-09T12:36:23","slug":"adres","status":"publish","type":"page","link":"https:\/\/www.new-vision.net\/ru\/adres\/","title":{"rendered":"\u041a\u043e\u043d\u0442\u0430\u043a\u0442\u044b"},"content":{"rendered":"<p>[tm_pb_section admin_label=&#187;Section&#187; fullwidth=&#187;off&#187; specialty=&#187;off&#187;][tm_pb_row admin_label=&#187;Row&#187; global_parent=&#187;692&#8243; make_fullwidth=&#187;on&#187; use_custom_width=&#187;off&#187; use_grid_padding=&#187;on&#187; width_unit=&#187;on&#187; padding_mobile=&#187;off&#187; allow_player_pause=&#187;off&#187; parallax=&#187;off&#187; parallax_method=&#187;off&#187; make_equal=&#187;off&#187; parallax_1=&#187;off&#187; parallax_method_1=&#187;off&#187; column_padding_mobile=&#187;on&#187;][tm_pb_column type=&#187;4_4&#8243;][tm_pb_map admin_label=&#187;Map&#187; global_parent=&#187;692&#8243; address=&#187;P\u0131narba\u015f\u0131 Mahallesi, H\u00fcrriyet Caddesi, 3A, Antalya, TURKEY&#187; zoom_level=&#187;12&#8243; address_lat=&#187;36.900112136886754&#8243; address_lng=&#187;30.64901294783291&#8243; map_style=&#187;extramap&#187; mouse_wheel=&#187;off&#187; icon_url=&#187;https:\/\/www.new-vision.net\/wp-content\/uploads\/2020\/04\/nv-marker.png&#187;]<\/p>\n<p>[tm_pb_map_pin title=&#187;Antalya&#187; pin_address=&#187;P\u0131narba\u015f\u0131 Mah. H\u00fcrriyet Cad., No: 3A, ANTALYA \/ T\u00dcRK\u0130YE&#187; pin_address_lat=&#187;36.90004282224339&#8243; pin_address_lng=&#187;30.645898118608844&#8243;]<\/p>\n<p>P\u0131narba\u015f\u0131 Mah. H\u00fcrriyet Cad. Akdeniz \u00dcniversitesi Antalya Teknokent Ar-Ge 2 Apt, No: 3A \/ 14 Konyaalt\u0131 \/ ANTALYA \/ T\u00dcRK\u0130YE<\/p>\n<p>Konyaalt\u0131 \/ ANTALYA \/ T\u00dcRK\u0130YE<\/p>\n<p>Telefon: <a href=\"tel:#\">+90 535 766 6383<\/a><\/p>\n<p>Email: <a href=\"mailto:info@new-vision.net\">info@new-vision.net<\/a><\/p>\n<p>&nbsp;<\/p>\n<p>&nbsp;<\/p>\n<p>&nbsp;<\/p>\n<p>[\/tm_pb_map_pin]<\/p>\n<p>[\/tm_pb_map][\/tm_pb_column][\/tm_pb_row][\/tm_pb_section][tm_pb_section admin_label=&#187;Section&#187; fullwidth=&#187;off&#187; specialty=&#187;off&#187; transparent_background=&#187;off&#187; allow_player_pause=&#187;off&#187; inner_shadow=&#187;off&#187; parallax=&#187;off&#187; parallax_method=&#187;off&#187; padding_mobile=&#187;off&#187; make_fullwidth=&#187;off&#187; use_custom_width=&#187;off&#187; width_unit=&#187;on&#187; make_equal=&#187;off&#187; use_custom_gutter=&#187;off&#187; module_class=&#187;invert&#187; custom_padding=&#187;70px||98px|&#187; custom_padding_laptop=&#187;60px||60px|&#187; custom_padding_tablet=&#187;50px||50px|&#187; custom_padding_phone=&#187;30px||30px|&#187; custom_padding_last_edited=&#187;on|desktop&#187; background_color=&#187;#2c82b2&#8243;][tm_pb_row admin_label=&#187;Row&#187; make_fullwidth=&#187;off&#187; use_custom_width=&#187;off&#187; use_grid_padding=&#187;on&#187; width_unit=&#187;on&#187; padding_mobile=&#187;off&#187; allow_player_pause=&#187;off&#187; parallax=&#187;off&#187; parallax_method=&#187;off&#187; make_equal=&#187;off&#187; parallax_1=&#187;off&#187; parallax_method_1=&#187;off&#187; padding_1_last_edited=&#187;off|desktop&#187; parallax_2=&#187;off&#187; parallax_method_2=&#187;off&#187; padding_2_last_edited=&#187;off|laptop&#187; column_padding_mobile=&#187;off&#187; padding_left_2=&#187;15%&#187;][tm_pb_column type=&#187;1_2&#8243;][tm_pb_text admin_label=&#187;Text&#187; text_orientation=&#187;left&#187; use_border_color=&#187;off&#187; border_color=&#187;#ffffff&#187; border_style=&#187;solid&#187; custom_padding=&#187;||16px|&#187; custom_padding_last_edited=&#187;on|desktop&#187;] [\/tm_pb_text][tm_pb_contact_form admin_label=&#187;Contact Form&#187; captcha=&#187;off&#187; use_redirect=&#187;off&#187; input_border_radius=&#187;0&#8243; use_border_color=&#187;off&#187; border_color=&#187;#ffffff&#187; border_style=&#187;solid&#187; custom_button=&#187;off&#187; button_letter_spacing=&#187;0&#8243; button_use_icon=&#187;default&#187; button_icon_placement=&#187;right&#187; button_on_hover=&#187;on&#187; button_letter_spacing_hover=&#187;0&#8243; submit_text=&#187;\u041e\u0442\u043f\u0440\u0430\u0432\u0438\u0442\u044c&#187; success_message=&#187; \u0412\u0430\u0448\u0435 \u0441\u043e\u043e\u0431\u0449\u0435\u043d\u0438\u0435 \u0431\u044b\u043b\u043e \u0443\u0441\u043f\u0435\u0448\u043d\u043e \u043e\u0442\u043f\u0440\u0430\u0432\u043b\u0435\u043d\u043e. \u0421\u043f\u0430\u0441\u0438\u0431\u043e.&#187; email=&#187;info@new-vizion.net&#187;]<\/p>\n<p>[tm_pb_contact_field field_type=&#187;input&#187; field_id=&#187;name&#187; required_mark=&#187;on&#187; fullwidth_field=&#187;off&#187; select_multiple=&#187;on&#187; select_first_blank=&#187;on&#187; show_label=&#187;off&#187; field_width=&#187;col-md-12&#8243; form_field_font_select=&#187;default&#187; form_field_font=&#187;||||&#187; use_border_color=&#187;off&#187; border_style=&#187;solid&#187; field_placeholder=&#187;\u0418\u043c\u044f&#187; field_title=&#187;name&#187;]<\/p>\n<p>&nbsp;<\/p>\n<p>[\/tm_pb_contact_field][tm_pb_contact_field field_type=&#187;email&#187; field_id=&#187;email&#187; required_mark=&#187;on&#187; fullwidth_field=&#187;off&#187; select_multiple=&#187;on&#187; select_first_blank=&#187;on&#187; show_label=&#187;off&#187; field_width=&#187;col-md-12&#8243; form_field_font_select=&#187;default&#187; form_field_font=&#187;||||&#187; use_border_color=&#187;off&#187; border_style=&#187;solid&#187; field_placeholder=&#187;\u042d\u043b\u0435\u043a\u0442\u0440\u043e\u043d\u043d\u0430\u044f \u043f\u043e\u0447\u0442\u0430&#187; field_title=&#187;email&#187;]<\/p>\n<p>&nbsp;<\/p>\n<p>[\/tm_pb_contact_field][tm_pb_contact_field field_id=&#187;website&#187; field_type=&#187;input&#187; select_multiple=&#187;on&#187; select_first_blank=&#187;on&#187; required_mark=&#187;on&#187; show_label=&#187;off&#187; field_width=&#187;col-md-12&#8243; form_field_font_select=&#187;default&#187; form_field_font=&#187;||||&#187; use_border_color=&#187;off&#187; border_style=&#187;solid&#187; field_placeholder=&#187;\u0412\u0435\u0431 \u0441\u0430\u0439\u0442&#187; field_title=&#187;website&#187;]<\/p>\n<p>&nbsp;<\/p>\n<p>[\/tm_pb_contact_field][tm_pb_contact_field field_type=&#187;text&#187; field_id=&#187;message&#187; required_mark=&#187;on&#187; select_multiple=&#187;on&#187; select_first_blank=&#187;on&#187; show_label=&#187;off&#187; field_width=&#187;col-md-12&#8243; form_field_font_select=&#187;default&#187; form_field_font=&#187;||||&#187; use_border_color=&#187;off&#187; border_style=&#187;solid&#187; field_placeholder=&#187;\u0421\u043e\u043e\u0431\u0449\u0435\u043d\u0438\u0435&#187; field_title=&#187;message&#187;]<\/p>\n<p>&nbsp;<\/p>\n<p>[\/tm_pb_contact_field]<\/p>\n<p>[\/tm_pb_contact_form][\/tm_pb_column][tm_pb_column type=&#187;1_2&#8243;][tm_pb_text admin_label=&#187;Phone mail&#187; text_orientation=&#187;left&#187; use_border_color=&#187;off&#187; border_color=&#187;#ffffff&#187; border_style=&#187;solid&#187; custom_padding=&#187;||10px|&#187;]<\/p>\n<h3>\u041a\u043e\u043d\u0442\u0430\u043a\u0442\u044b<\/h3>\n<ul>\n<li>\u0422\u0435\u043b\u0435\u0444\u043e\u043d: <a href=\"tel:#\">+90 535 766 6383<\/a><\/li>\n<li>Email: <a href=\"mailto:info@new-vision.net\">info@new-vision.net<\/a><\/li>\n<\/ul>\n<p>[\/tm_pb_text][tm_pb_text admin_label=&#187;\u0410\u0434\u0440\u0435\u0441&#187; text_orientation=&#187;left&#187; use_border_color=&#187;off&#187; border_color=&#187;#ffffff&#187; border_style=&#187;solid&#187; custom_padding=&#187;40px||31px|&#187; custom_padding_tablet=&#187;20px||11px|&#187; custom_padding_phone=&#187;15px||11px|&#187; custom_padding_last_edited=&#187;on|phone&#187; custom_padding_laptop=&#187;40px||21px|&#187;]<\/p>\n<h3>\u0410\u0434\u0440\u0435\u0441:<\/h3>\n<ul>\n<li><strong>\u0426\u0435\u043d\u0442\u0440 \u0438\u0441\u0441\u043b\u0435\u0434\u043e\u0432\u0430\u043d\u0438\u0439 \u0438 \u0440\u0430\u0437\u0440\u0430\u0431\u043e\u0442\u043e\u043a, \u0422\u0443\u0440\u0446\u0438\u044f<\/strong> &#8212;<\/li>\n<li>P\u0131narba\u015f\u0131 Mah. H\u00fcrriyet Cad.<\/li>\n<li>Akdeniz \u00dcniversitesi Antalya Teknokent<\/li>\n<li>Ar-Ge 2 Ulu\u011fbey Apt, No: 3A \/ Z14<\/li>\n<li>Konyaalt\u0131 \/ ANTALYA \/ T\u00dcRK\u0130YE<\/li>\n<\/ul>\n<p>&nbsp;<\/p>\n<ul>\n<li><strong>\u041e\u0444\u0438\u0441 \u043f\u0440\u043e\u0434\u0430\u0436, \u0421\u0430\u043d-\u0424\u0440\u0430\u043d\u0446\u0438\u0441\u043a\u043e<\/strong> &#8212;<\/li>\n<li>Galvanize, Innogate Suite 409,<\/li>\n<li>44 Tehama St, San Francisco,<\/li>\n<li>CA 94105, United States<\/li>\n<\/ul>\n<p>&nbsp;<\/p>\n<p>[\/tm_pb_text][\/tm_pb_column][\/tm_pb_row][\/tm_pb_section]<\/p>\n","protected":false},"excerpt":{"rendered":"<p>[tm_pb_section admin_label=&#187;Section&#187; fullwidth=&#187;off&#187; specialty=&#187;off&#187;][tm_pb_row admin_label=&#187;Row&#187; global_parent=&#187;692&#8243; make_fullwidth=&#187;on&#187; use_custom_width=&#187;off&#187; use_grid_padding=&#187;on&#187; width_unit=&#187;on&#187; padding_mobile=&#187;off&#187; allow_player_pause=&#187;off&#187; parallax=&#187;off&#187; parallax_method=&#187;off&#187; make_equal=&#187;off&#187; parallax_1=&#187;off&#187; parallax_method_1=&#187;off&#187; column_padding_mobile=&#187;on&#187;][tm_pb_column type=&#187;4_4&#8243;][tm_pb_map admin_label=&#187;Map&#187; global_parent=&#187;692&#8243; address=&#187;P\u0131narba\u015f\u0131 Mahallesi, H\u00fcrriyet Caddesi, 3A, Antalya, TURKEY&#187; zoom_level=&#187;12&#8243; address_lat=&#187;36.900112136886754&#8243; address_lng=&#187;30.64901294783291&#8243; map_style=&#187;extramap&#187; mouse_wheel=&#187;off&#187; icon_url=&#187;https:\/\/www.new-vision.net\/wp-content\/uploads\/2020\/04\/nv-marker.png&#187;] [tm_pb_map_pin title=&#187;Antalya&#187; pin_address=&#187;P\u0131narba\u015f\u0131 Mah. H\u00fcrriyet Cad., No: 3A, ANTALYA \/ T\u00dcRK\u0130YE&#187; pin_address_lat=&#187;36.90004282224339&#8243; pin_address_lng=&#187;30.645898118608844&#8243;] P\u0131narba\u015f\u0131 Mah. H\u00fcrriyet Cad. Akdeniz \u00dcniversitesi Antalya Teknokent [&hellip;]<\/p>\n","protected":false},"author":1,"featured_media":0,"parent":0,"menu_order":0,"comment_status":"closed","ping_status":"closed","template":"","meta":[],"_links":{"self":[{"href":"https:\/\/www.new-vision.net\/ru\/wp-json\/wp\/v2\/pages\/3639"}],"collection":[{"href":"https:\/\/www.new-vision.net\/ru\/wp-json\/wp\/v2\/pages"}],"about":[{"href":"https:\/\/www.new-vision.net\/ru\/wp-json\/wp\/v2\/types\/page"}],"author":[{"embeddable":true,"href":"https:\/\/www.new-vision.net\/ru\/wp-json\/wp\/v2\/users\/1"}],"replies":[{"embeddable":true,"href":"https:\/\/www.new-vision.net\/ru\/wp-json\/wp\/v2\/comments?post=3639"}],"version-history":[{"count":10,"href":"https:\/\/www.new-vision.net\/ru\/wp-json\/wp\/v2\/pages\/3639\/revisions"}],"predecessor-version":[{"id":4212,"href":"https:\/\/www.new-vision.net\/ru\/wp-json\/wp\/v2\/pages\/3639\/revisions\/4212"}],"wp:attachment":[{"href":"https:\/\/www.new-vision.net\/ru\/wp-json\/wp\/v2\/media?parent=3639"}],"curies":[{"name":"wp","href":"https:\/\/api.w.org\/{rel}","templated":true}]}}